{"id":27,"date":"2014-06-27T15:16:53","date_gmt":"2014-06-27T14:16:53","guid":{"rendered":"http:\/\/www.brit-hotel-fumel.fr\/?page_id=27"},"modified":"2026-01-22T12:11:43","modified_gmt":"2026-01-22T11:11:43","slug":"acceuil","status":"publish","type":"page","link":"https:\/\/www.brit-hotel-fumel.fr\/?page_id=27&lang=fr","title":{"rendered":"H\u00f4tel"},"content":{"rendered":"<p style=\"text-align: left;\"><em>Annemarie et Nicolette JULLIEN<\/em><br \/>et leur \u00e9quipe vous attendent pour vous faire profiter d&rsquo;un agr\u00e9able s\u00e9jour.<\/p>\n<hr \/>\n<p>Fumel est merveilleusement situ\u00e9 aux confins des d\u00e9partements du Lot, Lot-et-Garonne et Dordogne. La r\u00e9gion b\u00e9n\u00e9ficie d&rsquo;un micro climat tr\u00e8s favorable, l&rsquo;\u00e9t\u00e9 bien ensoleill\u00e9, le printemps et l&rsquo;automne tr\u00e8s doux.<\/p>\n<p style=\"text-align: left;\">Fumel illustre parfaitement la basse vall\u00e9e du Lot avec ses collines bois\u00e9es, ses coteaux verdoyants ; ses petites routes ou chemins ruraux, qui incitent \u00e0 la promenade p\u00e9destre.<\/p>\n<p style=\"text-align: left;\">Tout ici vous invite \u00e0 la r\u00eaverie, ne serait-ce que par la d\u00e9couverte des vignobles \u00e9tag\u00e9s, du tr\u00e8s bon vin de Cahors etc&#8230;<\/p>\n<p style=\"text-align: left;\">Faut-il enfin parler des curiosit\u00e9s touristiques uniques telles que ch\u00e2teaux, bastides, grottes pr\u00e9historiques, gouffres, que l&rsquo;on d\u00e9couvre ici et l\u00e0.<\/p>\n<p style=\"text-align: left;\">Sur place, on peut s&rsquo;adonner aux joies de l&rsquo;\u00e9quitation, du golf et de la p\u00eache, du cano\u00eb-kayak et aux randonn\u00e9es de tout genre.<\/p>\n<p style=\"text-align: left;\">Nous vous recommandons le site de l&rsquo;office de tourisme de Fumel Communaut\u00e9, o\u00f9 vous pouvez trouver des nombreuses activit\u00e9s et visites. <a href=\"http:\/\/www.tourisme-fumel.com\" target=\"_blank\" rel=\"noopener noreferrer\">L&rsquo;office est pr\u00e8s de l&rsquo;h\u00f4tel<\/a>.<\/p>\n<p>Nous acceptons des animaux, notamment chiens et chats.<\/p>\n<p>L&rsquo;h\u00f4tel poss\u00e8de un parking sous-sol (200 cm hauteur, 30 places), pour vos bicyclettes, motos, voitures et remorques.<\/p>\n<p style=\"text-align: left;\">Le fiche de d&rsquo;h\u00f4tel <a title=\"Flyer Brit Hotel Fumel (fiche d'unit\u00e9)\" href=\"\/wp-content\/uploads\/2017\/12\/BBHVdL.pdf\" target=\"_blank\" rel=\"noopener noreferrer\"><strong>Brochure Brit H\u00f4tel Fumel<\/strong><\/a> (t\u00e9l\u00e9charge un PDF)<\/p>\n<hr \/>\n<p style=\"text-align: center;\">Prix ?, disponibilit\u00e9 ?, r\u00e9servation ?<br \/>Vous pouvez avoir une r\u00e9ponse \u00e0 tout ces questions d\u00e8s maintenant.<\/p>\n<p style=\"text-align: center;\"><a title=\"R\u00e9server chez Brit Hotel, l'unit\u00e9 de Fumel (Vall\u00e9e du Lot)\" href=\"https:\/\/hotel-fumel.brithotel.fr\/\" target=\"_blank\" rel=\"noopener noreferrer\"><img loading=\"lazy\" decoding=\"async\" class=\"aligncenter wp-image-50 size-full\" src=\"\/wp-content\/uploads\/2014\/06\/reslinge.gif\" alt=\"R\u00e9servez en ligne\" width=\"200\" height=\"30\" \/><\/a>Nous sommes membre de la groupe BRIT HOTEL:<br \/>Nous vous conseillons de r\u00e9server votre s\u00e9jour par Internet sur le site de<br \/><a title=\"R\u00e9server chez Brit Hotel, l'unit\u00e9 de Fumel (Vall\u00e9e du Lot)\" href=\"https:\/\/hotel-fumel.brithotel.fr\/\" target=\"_blank\" rel=\"noopener noreferrer\">www.brithotel.fr<\/a>.<br \/>Vous pouvez toujours nous appeler pour toute renseignement utile.<\/p>\n<p style=\"text-align: center;\">Vous avez d\u00e9j\u00e0 effectu\u00e9e une r\u00e9servation &lsquo;par Internet&rsquo; et vous voulez modifier ? Le mail de confirmation de r\u00e9servation vous indique comment proc\u00e9der.<\/p>\n<hr \/>\n<p><a href=\"https:\/\/www.brit-hotel-fumel.fr\/wp-content\/uploads\/2018\/08\/IMG_3552.jpg\"><img loading=\"lazy\" decoding=\"async\" class=\"size-large wp-image-624 aligncenter\" src=\"https:\/\/www.brit-hotel-fumel.fr\/wp-content\/uploads\/2018\/08\/IMG_3552-1024x768.jpg\" alt=\"\" width=\"625\" height=\"469\" srcset=\"https:\/\/www.brit-hotel-fumel.fr\/wp-content\/uploads\/2018\/08\/IMG_3552-1024x768.jpg 1024w, https:\/\/www.brit-hotel-fumel.fr\/wp-content\/uploads\/2018\/08\/IMG_3552-300x225.jpg 300w, https:\/\/www.brit-hotel-fumel.fr\/wp-content\/uploads\/2018\/08\/IMG_3552-768x576.jpg 768w, https:\/\/www.brit-hotel-fumel.fr\/wp-content\/uploads\/2018\/08\/IMG_3552-624x468.jpg 624w\" sizes=\"auto, (max-width: 625px) 100vw, 625px\" \/><\/a><\/p>\n\n\n<p class=\"has-text-align-center\">Heures d&rsquo;ouverture de la piscine :08h30 -&gt; 12h00 et 14h00 -&gt; 19h00.<\/p>\n\n\n\n<figure class=\"wp-block-embed is-type-video is-provider-youtube wp-block-embed-youtube wp-embed-aspect-16-9 wp-has-aspect-ratio\"><div class=\"wp-block-embed__wrapper\">\n<iframe loading=\"lazy\" title=\"\u2764 TOURISME FUMEL-VALL\u00c9E DU LOT : vacances 100% Sud-Ouest !\" width=\"625\" height=\"352\" src=\"https:\/\/www.youtube.com\/embed\/Ns1yOvO8yes?feature=oembed\" frameborder=\"0\" allow=\"accelerometer; autoplay; clipboard-write; encrypted-media; gyroscope; picture-in-picture; web-share\" referrerpolicy=\"strict-origin-when-cross-origin\" allowfullscreen><\/iframe>\n<\/div><figcaption class=\"wp-element-caption\"><br>TOURISME FUMEL-VALL\u00c9E DU LOT : vacances 100% Sud-Ouest !<br>Plus d\u2019information : <a href=\"https:\/\/www.tourisme-fumel.com\">www.tourisme-fumel.com<\/a><\/figcaption><\/figure>\n\n\n\n<p><\/p>\n","protected":false},"excerpt":{"rendered":"<p>Annemarie et Nicolette JULLIENet leur \u00e9quipe vous attendent pour vous faire profiter d&rsquo;un agr\u00e9able s\u00e9jour. Fumel est merveilleusement situ\u00e9 aux confins des d\u00e9partements du Lot, Lot-et-Garonne et Dordogne. La r\u00e9gion b\u00e9n\u00e9ficie d&rsquo;un micro climat tr\u00e8s favorable, l&rsquo;\u00e9t\u00e9 bien ensoleill\u00e9, le printemps et l&rsquo;automne tr\u00e8s doux. Fumel illustre parfaitement la basse vall\u00e9e du Lot avec ses [&hellip;]<\/p>\n","protected":false},"author":1,"featured_media":0,"parent":0,"menu_order":0,"comment_status":"closed","ping_status":"closed","template":"","meta":{"footnotes":""},"class_list":["post-27","page","type-page","status-publish","hentry"],"_links":{"self":[{"href":"https:\/\/www.brit-hotel-fumel.fr\/index.php?rest_route=\/wp\/v2\/pages\/27","targetHints":{"allow":["GET"]}}],"collection":[{"href":"https:\/\/www.brit-hotel-fumel.fr\/index.php?rest_route=\/wp\/v2\/pages"}],"about":[{"href":"https:\/\/www.brit-hotel-fumel.fr\/index.php?rest_route=\/wp\/v2\/types\/page"}],"author":[{"embeddable":true,"href":"https:\/\/www.brit-hotel-fumel.fr\/index.php?rest_route=\/wp\/v2\/users\/1"}],"replies":[{"embeddable":true,"href":"https:\/\/www.brit-hotel-fumel.fr\/index.php?rest_route=%2Fwp%2Fv2%2Fcomments&post=27"}],"version-history":[{"count":95,"href":"https:\/\/www.brit-hotel-fumel.fr\/index.php?rest_route=\/wp\/v2\/pages\/27\/revisions"}],"predecessor-version":[{"id":2281,"href":"https:\/\/www.brit-hotel-fumel.fr\/index.php?rest_route=\/wp\/v2\/pages\/27\/revisions\/2281"}],"wp:attachment":[{"href":"https:\/\/www.brit-hotel-fumel.fr\/index.php?rest_route=%2Fwp%2Fv2%2Fmedia&parent=27"}],"curies":[{"name":"wp","href":"https:\/\/api.w.org\/{rel}","templated":true}]}}