{"id":30,"date":"2014-06-27T15:17:12","date_gmt":"2014-06-27T14:17:12","guid":{"rendered":"https:\/\/www.brit-hotel-fumel.fr\/?page_id=30"},"modified":"2022-08-24T14:00:43","modified_gmt":"2022-08-24T13:00:43","slug":"chambres","status":"publish","type":"page","link":"https:\/\/www.brit-hotel-fumel.fr\/?page_id=30&lang=fr","title":{"rendered":"Chambres"},"content":{"rendered":"<table>\n<tbody>\n<tr>\n<td><a href=\"https:\/\/www.brit-hotel-fumel.fr\/wp-content\/uploads\/2017\/11\/IMG_3024.jpg\"><img loading=\"lazy\" decoding=\"async\" class=\"size-medium wp-image-399 aligncenter\" src=\"https:\/\/www.brit-hotel-fumel.fr\/wp-content\/uploads\/2017\/11\/IMG_3024-300x225.jpg\" alt=\"Chambre-105 Guide 2018\" width=\"300\" height=\"225\" srcset=\"https:\/\/www.brit-hotel-fumel.fr\/wp-content\/uploads\/2017\/11\/IMG_3024-300x225.jpg 300w, https:\/\/www.brit-hotel-fumel.fr\/wp-content\/uploads\/2017\/11\/IMG_3024-768x576.jpg 768w, https:\/\/www.brit-hotel-fumel.fr\/wp-content\/uploads\/2017\/11\/IMG_3024-1024x768.jpg 1024w, https:\/\/www.brit-hotel-fumel.fr\/wp-content\/uploads\/2017\/11\/IMG_3024-624x468.jpg 624w\" sizes=\"auto, (max-width: 300px) 100vw, 300px\" \/><\/a><\/td>\n<td><a href=\"http:\/\/brit-hotel-fumel.fr\/wp-content\/uploads\/2014\/06\/BRIT-HOTEL-FUMEL.jpg\"><img loading=\"lazy\" decoding=\"async\" class=\"size-medium wp-image-69 aligncenter\" src=\"http:\/\/brit-hotel-fumel.fr\/wp-content\/uploads\/2014\/06\/BRIT-HOTEL-FUMEL-300x225.jpg\" alt=\"BRIT-HOTEL-FUMEL\" width=\"300\" height=\"225\" srcset=\"https:\/\/www.brit-hotel-fumel.fr\/wp-content\/uploads\/2014\/06\/BRIT-HOTEL-FUMEL-300x225.jpg 300w, https:\/\/www.brit-hotel-fumel.fr\/wp-content\/uploads\/2014\/06\/BRIT-HOTEL-FUMEL-624x468.jpg 624w, https:\/\/www.brit-hotel-fumel.fr\/wp-content\/uploads\/2014\/06\/BRIT-HOTEL-FUMEL.jpg 640w\" sizes=\"auto, (max-width: 300px) 100vw, 300px\" \/><\/a><\/td>\n<td><a href=\"http:\/\/brit-hotel-fumel.fr\/wp-content\/uploads\/2014\/06\/img_salle_de_b.jpg\"><img loading=\"lazy\" decoding=\"async\" class=\"aligncenter size-medium wp-image-67\" src=\"http:\/\/brit-hotel-fumel.fr\/wp-content\/uploads\/2014\/06\/img_salle_de_b-300x225.jpg\" alt=\"img_salle_de_b\" width=\"300\" height=\"225\" srcset=\"https:\/\/www.brit-hotel-fumel.fr\/wp-content\/uploads\/2014\/06\/img_salle_de_b-300x225.jpg 300w, https:\/\/www.brit-hotel-fumel.fr\/wp-content\/uploads\/2014\/06\/img_salle_de_b-624x468.jpg 624w, https:\/\/www.brit-hotel-fumel.fr\/wp-content\/uploads\/2014\/06\/img_salle_de_b.jpg 648w\" sizes=\"auto, (max-width: 300px) 100vw, 300px\" \/><\/a><\/td>\n<\/tr>\n<\/tbody>\n<\/table>\n<p>Notre h\u00f4tel, situ\u00e9 dans un cadre exceptionnel, vous offre la vue sur la Vall\u00e9e du Lot. Chambres bien \u00e9quip\u00e9es avec salle de bain compl\u00e8te ; baignoire\/douche, lavabo et toilette. En plus un s\u00e8che-cheveux fixe disponible. T\u00e9l\u00e9phone direct et t\u00e9l\u00e9vision satellite. Acc\u00e8s WIFI gratuit depuis toutes les chambres.<\/p>\n<p>L&rsquo;h\u00f4tel poss\u00e8de 32 chambres &#8211; 15 sur le premier \u00e9tage, et 15 sur la deuxi\u00e8me. 2 chambres au rez de chauss\u00e9.<br \/>Quatre types de chambres existent :<\/p>\n<ul>\n<li>Les chambres &lsquo;grand lit&rsquo; ou &lsquo;double&rsquo; &#8211; 1 ou 2 personnes, aux premier ou deuxi\u00e8me \u00e9tage.<\/li>\n<li>Les chambres &lsquo;lits simples&rsquo; ou &lsquo;twin&rsquo; &#8211; 1 ou 2 personnes, aux premier ou deuxi\u00e8me \u00e9tage.<\/li>\n<li>Quatre chambres par \u00e9tage dispose d&rsquo;un troisi\u00e8me lit : autrement dit : des triples &#8211; ces chambres peuvent donc accueillir trois personnes &#8211; maximum.<\/li>\n<li>Aux premier \u00e9tage nous avons une chambre quadruple : il s&rsquo;agit une chambre &lsquo;famille&rsquo;, et sont pr\u00e9vu pour accueillir deux adultes (maximum) et deux enfant (moins de 14 an &#8211; maximum)<\/li>\n<li>Au rez de chauss\u00e9 nous avons deux chambres PMR, voir plus bas.<\/li>\n<\/ul>\n<p>A savoir que l&rsquo;h\u00f4tel poss\u00e8de quelques lits b\u00e9b\u00e9, disponible sur simple demande pendant votre r\u00e9servation.<\/p>\n<p>Attention : nous ne pouvons d\u00e9placer des lits entre les chambres &#8211; nous n&rsquo;avons pas des lit d&rsquo;appoint.<\/p>\n<p>En ce moment, \u00e0 l&rsquo;\u00e9tage, 11 chambres (type lit jumeaux et triples (trois lits simples)) sont \u00e9quip\u00e9 d&rsquo;une douche au lieu d&rsquo;un bain.<\/p>\n<p>Deux chambres PMR &#8211; un lit simple chacune &#8211; sont disponibles aux <strong>rez de chauss\u00e9<\/strong>. Ces deux chambres ont des portes communicantes. Ces chambres sont accessibles pour ceux avec une mobilit\u00e9 r\u00e9duite. Ces chambre poss\u00e8de chacun <strong>un lit simple<\/strong> (une personne).<\/p>\n<p>Nos chambres sont tous climatis\u00e9es individuellement. Toutes les chambres et les pi\u00e8ces communes sont strictement non-fumeur. Ne vous faites pas griller, fumez dehors !!<\/p>\n<p>Nous n&rsquo;avons pas d\u2019ascenseur !<\/p>\n\n\n<p><a rel=\"noreferrer noopener\" href=\"https:\/\/www.brit-hotel-fumel.fr\/wp-content\/uploads\/2020\/06\/DIRECTORY-Brit-Hotel-FR-Fumel-CV19-v3.1-2020-05-26.pdf\" target=\"_blank\">Le guide explicative, le \u00ab\u00a0Room Directory\u00a0\u00bb, est accessible ici<\/a>.<\/p>\n","protected":false},"excerpt":{"rendered":"<p>Notre h\u00f4tel, situ\u00e9 dans un cadre exceptionnel, vous offre la vue sur la Vall\u00e9e du Lot. Chambres bien \u00e9quip\u00e9es avec salle de bain compl\u00e8te ; baignoire\/douche, lavabo et toilette. En plus un s\u00e8che-cheveux fixe disponible. T\u00e9l\u00e9phone direct et t\u00e9l\u00e9vision satellite. Acc\u00e8s WIFI gratuit depuis toutes les chambres. L&rsquo;h\u00f4tel poss\u00e8de 32 chambres &#8211; 15 sur le [&hellip;]<\/p>\n","protected":false},"author":1,"featured_media":0,"parent":0,"menu_order":0,"comment_status":"closed","ping_status":"closed","template":"","meta":{"footnotes":""},"class_list":["post-30","page","type-page","status-publish","hentry"],"_links":{"self":[{"href":"https:\/\/www.brit-hotel-fumel.fr\/index.php?rest_route=\/wp\/v2\/pages\/30","targetHints":{"allow":["GET"]}}],"collection":[{"href":"https:\/\/www.brit-hotel-fumel.fr\/index.php?rest_route=\/wp\/v2\/pages"}],"about":[{"href":"https:\/\/www.brit-hotel-fumel.fr\/index.php?rest_route=\/wp\/v2\/types\/page"}],"author":[{"embeddable":true,"href":"https:\/\/www.brit-hotel-fumel.fr\/index.php?rest_route=\/wp\/v2\/users\/1"}],"replies":[{"embeddable":true,"href":"https:\/\/www.brit-hotel-fumel.fr\/index.php?rest_route=%2Fwp%2Fv2%2Fcomments&post=30"}],"version-history":[{"count":20,"href":"https:\/\/www.brit-hotel-fumel.fr\/index.php?rest_route=\/wp\/v2\/pages\/30\/revisions"}],"predecessor-version":[{"id":1645,"href":"https:\/\/www.brit-hotel-fumel.fr\/index.php?rest_route=\/wp\/v2\/pages\/30\/revisions\/1645"}],"wp:attachment":[{"href":"https:\/\/www.brit-hotel-fumel.fr\/index.php?rest_route=%2Fwp%2Fv2%2Fmedia&parent=30"}],"curies":[{"name":"wp","href":"https:\/\/api.w.org\/{rel}","templated":true}]}}