{"id":33,"date":"2014-06-27T15:17:29","date_gmt":"2014-06-27T14:17:29","guid":{"rendered":"http:\/\/www.brit-hotel-fumel.fr\/?page_id=33"},"modified":"2026-04-06T08:34:46","modified_gmt":"2026-04-06T07:34:46","slug":"restaurant","status":"publish","type":"page","link":"https:\/\/www.brit-hotel-fumel.fr\/?page_id=33&lang=fr","title":{"rendered":"Restaurant"},"content":{"rendered":"\n<div class=\"wp-block-group\"><div class=\"wp-block-group__inner-container is-layout-flow wp-block-group-is-layout-flow\">\n<p class=\"has-text-align-center\"><\/p>\n\n\n\n<figure class=\"wp-block-table\"><table><tbody><tr><td class=\"has-text-align-center\" data-align=\"center\"><a href=\"https:\/\/www.brit-hotel-fumel.fr\/wp-content\/uploads\/2022\/03\/resized_20220226_115754.jpg\"><img loading=\"lazy\" decoding=\"async\" class=\"alignnone size-medium wp-image-1599\" src=\"https:\/\/www.brit-hotel-fumel.fr\/wp-content\/uploads\/2022\/03\/resized_20220226_115754-169x300.jpg\" alt=\"\" width=\"169\" height=\"300\" srcset=\"https:\/\/www.brit-hotel-fumel.fr\/wp-content\/uploads\/2022\/03\/resized_20220226_115754-169x300.jpg 169w, https:\/\/www.brit-hotel-fumel.fr\/wp-content\/uploads\/2022\/03\/resized_20220226_115754-576x1024.jpg 576w, https:\/\/www.brit-hotel-fumel.fr\/wp-content\/uploads\/2022\/03\/resized_20220226_115754-768x1366.jpg 768w, https:\/\/www.brit-hotel-fumel.fr\/wp-content\/uploads\/2022\/03\/resized_20220226_115754-864x1536.jpg 864w, https:\/\/www.brit-hotel-fumel.fr\/wp-content\/uploads\/2022\/03\/resized_20220226_115754-624x1110.jpg 624w, https:\/\/www.brit-hotel-fumel.fr\/wp-content\/uploads\/2022\/03\/resized_20220226_115754.jpg 1080w\" sizes=\"auto, (max-width: 169px) 100vw, 169px\" \/><\/a><\/td><td class=\"has-text-align-center\" data-align=\"center\"><a href=\"https:\/\/www.brit-hotel-fumel.fr\/wp-content\/uploads\/2022\/03\/resized_20220226_115732.jpg\"><img loading=\"lazy\" decoding=\"async\" class=\"alignnone size-medium wp-image-1600\" src=\"https:\/\/www.brit-hotel-fumel.fr\/wp-content\/uploads\/2022\/03\/resized_20220226_115732-300x169.jpg\" alt=\"\" width=\"300\" height=\"169\" srcset=\"https:\/\/www.brit-hotel-fumel.fr\/wp-content\/uploads\/2022\/03\/resized_20220226_115732-300x169.jpg 300w, https:\/\/www.brit-hotel-fumel.fr\/wp-content\/uploads\/2022\/03\/resized_20220226_115732-1024x576.jpg 1024w, https:\/\/www.brit-hotel-fumel.fr\/wp-content\/uploads\/2022\/03\/resized_20220226_115732-768x432.jpg 768w, https:\/\/www.brit-hotel-fumel.fr\/wp-content\/uploads\/2022\/03\/resized_20220226_115732-1536x864.jpg 1536w, https:\/\/www.brit-hotel-fumel.fr\/wp-content\/uploads\/2022\/03\/resized_20220226_115732-624x351.jpg 624w, https:\/\/www.brit-hotel-fumel.fr\/wp-content\/uploads\/2022\/03\/resized_20220226_115732.jpg 1921w\" sizes=\"auto, (max-width: 300px) 100vw, 300px\" \/><\/a><\/td><\/tr><\/tbody><\/table><\/figure>\n\n\n\n<hr class=\"wp-block-separator has-alpha-channel-opacity\"\/>\n\n\n\n<p>Mark PARRENT, le chef du restaurant La Renaissance et toute son \u00e9quipe se feront un plaisir de vous faire d\u00e9couvrir les plats r\u00e9gionaux 7 jours sur 7 de 12h \u00e0 14h et de 19h \u00e0 22h.<\/p>\n\n\n\n<p class=\"has-text-align-center\"><span style=\"font-size: 24pt;\"><strong>Information et r\u00e9servations<\/strong><\/span><br><span style=\"font-size: 24pt;\"><strong> 05 53 40 93 93<\/strong><\/span><\/p>\n\n\n\n<p>Avec des menus vari\u00e9s ou \u00e0 th\u00e8mes, des sp\u00e9cialit\u00e9s r\u00e9gionales et la cr\u00e9ativit\u00e9 du chef cuisinier, il y a de quoi se r\u00e9galer ! Chacun trouve le repas qu&rsquo;il pr\u00e9f\u00e8re.<\/p>\n\n\n\n<p><\/p>\n\n\n\n<hr class=\"wp-block-separator has-alpha-channel-opacity\"\/>\n\n\n\n<p class=\"has-text-align-center\"><strong>Notre carte de tout les jours<\/strong><\/p>\n\n\n\n\n\n<p class=\"has-text-align-center\"><\/p>\n\n\n\n<hr class=\"wp-block-separator has-alpha-channel-opacity\"\/>\n\n\n\n<p>Le buffer-Petit-d\u00e9jeuner : 11,00 \u20ac servi en salle ou en terrasse de 7h \u00e0 9h30.<br>Bar Licence IV r\u00e9serv\u00e9 aux clients de l&rsquo;h\u00f4tel et du restaurant ; Terrasse panoramique avec piscine. Bien entendu , si la m\u00e9t\u00e9o le permet, nos repas seront servis \u00e0 la terrasse.<\/p>\n\n\n\n<p><strong>Notre Force : Un bon rapport qualit\u00e9 prix &#8211; ouvert 7 sur 7, midi et soir, sans surprises.<\/strong><\/p>\n\n\n\n<p><strong>Notre salle de restaurant est climatis\u00e9e.<\/strong><\/p>\n<\/div><\/div>\n","protected":false},"excerpt":{"rendered":"<p>Mark PARRENT, le chef du restaurant La Renaissance et toute son \u00e9quipe se feront un plaisir de vous faire d\u00e9couvrir les plats r\u00e9gionaux 7 jours sur 7 de 12h \u00e0 14h et de 19h \u00e0 22h. Information et r\u00e9servations 05 53 40 93 93 Avec des menus vari\u00e9s ou \u00e0 th\u00e8mes, des sp\u00e9cialit\u00e9s r\u00e9gionales et [&hellip;]<\/p>\n","protected":false},"author":1,"featured_media":0,"parent":0,"menu_order":0,"comment_status":"closed","ping_status":"closed","template":"","meta":{"footnotes":""},"class_list":["post-33","page","type-page","status-publish","hentry"],"_links":{"self":[{"href":"https:\/\/www.brit-hotel-fumel.fr\/index.php?rest_route=\/wp\/v2\/pages\/33","targetHints":{"allow":["GET"]}}],"collection":[{"href":"https:\/\/www.brit-hotel-fumel.fr\/index.php?rest_route=\/wp\/v2\/pages"}],"about":[{"href":"https:\/\/www.brit-hotel-fumel.fr\/index.php?rest_route=\/wp\/v2\/types\/page"}],"author":[{"embeddable":true,"href":"https:\/\/www.brit-hotel-fumel.fr\/index.php?rest_route=\/wp\/v2\/users\/1"}],"replies":[{"embeddable":true,"href":"https:\/\/www.brit-hotel-fumel.fr\/index.php?rest_route=%2Fwp%2Fv2%2Fcomments&post=33"}],"version-history":[{"count":179,"href":"https:\/\/www.brit-hotel-fumel.fr\/index.php?rest_route=\/wp\/v2\/pages\/33\/revisions"}],"predecessor-version":[{"id":2296,"href":"https:\/\/www.brit-hotel-fumel.fr\/index.php?rest_route=\/wp\/v2\/pages\/33\/revisions\/2296"}],"wp:attachment":[{"href":"https:\/\/www.brit-hotel-fumel.fr\/index.php?rest_route=%2Fwp%2Fv2%2Fmedia&parent=33"}],"curies":[{"name":"wp","href":"https:\/\/api.w.org\/{rel}","templated":true}]}}