{"id":353,"date":"2017-11-21T15:10:13","date_gmt":"2017-11-21T14:10:13","guid":{"rendered":"https:\/\/www.brit-hotel-fumel.fr\/?page_id=353"},"modified":"2025-12-22T11:38:58","modified_gmt":"2025-12-22T10:38:58","slug":"cookies","status":"publish","type":"page","link":"https:\/\/www.brit-hotel-fumel.fr\/?page_id=353&lang=fr","title":{"rendered":"cookies"},"content":{"rendered":"<h1><span style=\"color: #008080;\">Cookies<\/span><\/h1>\n<p><strong>Mis \u00e0 part un g\u00e2teau, qu\u2019est-ce qu\u2019un cookie\u00a0? <\/strong><\/p>\n<p>Un cookie est aussi un petit fichier stock\u00e9 sur un support (ordinateur, tablette ou mobile) lors d\u2019une navigation sur Internet afin que ce support puisse \u00eatre reconnu plus tard. Les cookies enregistr\u00e9s lors de la visite d\u2019un site Internet identifient seulement votre appareil (pas vous personnellement). Les cookies ne stockent pas vos donn\u00e9es personnelles et ne peuvent endommager votre \u00e9quipement.<\/p>\n<p>Ils nous permettent\u00a0:<\/p>\n<ul>\n<li>De vous faire profiter de certaines fonctionnalit\u00e9s de notre site<\/li>\n<li>De s\u00e9curiser notre site<\/li>\n<li>De personnaliser le contenu de notre site<\/li>\n<li>De nous rappeler de vos pr\u00e9f\u00e9rences<\/li>\n<\/ul>\n<p><strong>Les cookies pr\u00e9sents sur notre site<\/strong><\/p>\n<p>Nous utilisons des cookies d\u2019analyse web, de partage sur les r\u00e9seaux sociaux et de sauvegarde de la langue.<\/p>\n<p><em><u>Cookies d\u2019analyse web<\/u><\/em><\/p>\n<p>Nous utilisons Google Analytics afin d\u2019obtenir diverses statistiques d\u00e9mographiques sur les visites effectu\u00e9es sur notre site. Aucune donn\u00e9e personnelle n\u2019est collect\u00e9e et ces statistiques nous permettent uniquement d\u2019am\u00e9liorer notre strat\u00e9gie marketing.<\/p>\n<p><em><u>Cookies de partage sur les r\u00e9seaux sociaux<\/u><\/em><\/p>\n<p>Certaines applications pr\u00e9sentes sur notre site (notamment les r\u00e9seaux sociaux \u00ab\u00a0Facebook\u00a0\u00bb, \u00ab\u00a0Twitter\u00a0\u00bb, \u00ab\u00a0Google +\u00a0\u00bb ou \u00ab\u00a0Linkedin\u00a0\u00bb) sont susceptibles de vous identifier via les boutons de partage pr\u00e9sents sur notre site (et ce, m\u00eame si vous ne les avez pas utilis\u00e9s).<\/p>\n<p>Nous n\u2019avons aucun moyen de contr\u00f4ler le processus utilis\u00e9 par ces r\u00e9seaux sociaux afin de collecter vos donn\u00e9es de navigation. Nous vous invitons donc \u00e0 consulter leurs politiques de protection de la vie priv\u00e9e.<\/p>\n<p><em><u>Cookies de sauvegarde de la langue<\/u><\/em><\/p>\n<p>Un cookie est \u00e9mis lors de votre navigation afin de conserver vos pr\u00e9f\u00e9rences de langage lors de votre retour sur notre site.<\/p>\n<p><strong>Comment g\u00e9rer les cookies\u00a0?<\/strong><\/p>\n<p>Votre navigateur internet vous permet de g\u00e9rer vos cookies comme vous le souhaitez. Vous pouvez le configurer de fa\u00e7on \u00e0 ce que les cookies soient enregistr\u00e9s sur votre appareil ou rejet\u00e9s.<\/p>\n<p>Si vous avez d\u00e9cid\u00e9 d\u2019accepter les cookies sur votre appareil et sur notre site, ceux-ci peuvent s\u2019enregistrer automatiquement lors de votre navigation.<\/p>\n<p>Si vous refusez les cookies, vous ne pourrez b\u00e9n\u00e9ficier de toutes les fonctionnalit\u00e9s de notre site. Par cons\u00e9quent, nous d\u00e9clinons toute responsabilit\u00e9 quant au dysfonctionnement de nos services en raison de l&rsquo;impossibilit\u00e9 pour nous d&rsquo;enregistrer les cookies n\u00e9cessaires au bon fonctionnement.<\/p>\n<p>Votre d\u00e9cision concernant la gestion des cookies est modifiable \u00e0 tout moment et gratuitement dans les param\u00e8tres de votre navigateur.<\/p>\n<p>Pour modifier vos param\u00e8tres de cookies\u00a0:<\/p>\n<ul>\n<li>Internet Explorer\u00a0: <a href=\"http:\/\/windows.microsoft.com\/fr-fr\/windows7\/how-to-manage-cookies-in-internet-explorer-9\">http:\/\/windows.microsoft.com\/fr-fr\/windows7\/how-to-manage-cookies-in-internet-explorer-9<\/a><\/li>\n<li>Mozilla Firefox\u00a0: <a href=\"https:\/\/support.mozilla.org\/fr\/kb\/activer-desactiver-cookies\">https:\/\/support.mozilla.org\/fr\/kb\/activer-desactiver-cookies<\/a><\/li>\n<li>Google Chrome\u00a0: <a href=\"https:\/\/support.google.com\/accounts\/answer\/61416?hl=fr\">https:\/\/support.google.com\/accounts\/answer\/61416?hl=fr<\/a><\/li>\n<li>Safari : <a href=\"http:\/\/support.apple.com\/kb\/PH17191?viewlocale=fr_FR\">http:\/\/support.apple.com\/kb\/PH17191?viewlocale=fr_FR<\/a><\/li>\n<\/ul>\n","protected":false},"excerpt":{"rendered":"<p>Cookies Mis \u00e0 part un g\u00e2teau, qu\u2019est-ce qu\u2019un cookie\u00a0? Un cookie est aussi un petit fichier stock\u00e9 sur un support (ordinateur, tablette ou mobile) lors d\u2019une navigation sur Internet afin que ce support puisse \u00eatre reconnu plus tard. Les cookies enregistr\u00e9s lors de la visite d\u2019un site Internet identifient seulement votre appareil (pas vous personnellement). [&hellip;]<\/p>\n","protected":false},"author":2,"featured_media":0,"parent":0,"menu_order":0,"comment_status":"closed","ping_status":"closed","template":"","meta":{"footnotes":""},"class_list":["post-353","page","type-page","status-publish","hentry"],"_links":{"self":[{"href":"https:\/\/www.brit-hotel-fumel.fr\/index.php?rest_route=\/wp\/v2\/pages\/353","targetHints":{"allow":["GET"]}}],"collection":[{"href":"https:\/\/www.brit-hotel-fumel.fr\/index.php?rest_route=\/wp\/v2\/pages"}],"about":[{"href":"https:\/\/www.brit-hotel-fumel.fr\/index.php?rest_route=\/wp\/v2\/types\/page"}],"author":[{"embeddable":true,"href":"https:\/\/www.brit-hotel-fumel.fr\/index.php?rest_route=\/wp\/v2\/users\/2"}],"replies":[{"embeddable":true,"href":"https:\/\/www.brit-hotel-fumel.fr\/index.php?rest_route=%2Fwp%2Fv2%2Fcomments&post=353"}],"version-history":[{"count":1,"href":"https:\/\/www.brit-hotel-fumel.fr\/index.php?rest_route=\/wp\/v2\/pages\/353\/revisions"}],"predecessor-version":[{"id":354,"href":"https:\/\/www.brit-hotel-fumel.fr\/index.php?rest_route=\/wp\/v2\/pages\/353\/revisions\/354"}],"wp:attachment":[{"href":"https:\/\/www.brit-hotel-fumel.fr\/index.php?rest_route=%2Fwp%2Fv2%2Fmedia&parent=353"}],"curies":[{"name":"wp","href":"https:\/\/api.w.org\/{rel}","templated":true}]}}