{"id":36,"date":"2014-06-27T15:17:46","date_gmt":"2014-06-27T14:17:46","guid":{"rendered":"http:\/\/www.brit-hotel-fumel.fr\/?page_id=36"},"modified":"2025-12-22T11:46:05","modified_gmt":"2025-12-22T10:46:05","slug":"salle-seminaire","status":"publish","type":"page","link":"https:\/\/www.brit-hotel-fumel.fr\/?page_id=36&lang=fr","title":{"rendered":"Salle-Seminaire"},"content":{"rendered":"<p><strong>Une salle pour toutes vos occasions.<\/strong><br \/>\nDepuis le briefing, \u00e0 la s\u00e9ance de travail d&rsquo;une journ\u00e9e, en passant par le s\u00e9minaire de plusieurs jours avec h\u00e9bergement dans l&rsquo;hotel, plusieurs solutions sont \u00e0 trouver avec Brit Hotel Fumel.<\/p>\n<p>Notre salle de r\u00e9union est de 30 m2 &#8211; 5 par 6 m\u00e8tres avec un acc\u00e8s direct depuis l&rsquo;h\u00f4tel et \u00e0 l&rsquo;ext\u00e9rieur.<\/p>\n<table>\n<tbody>\n<tr>\n<td style=\"text-align: center;\"><a href=\"http:\/\/brit-hotel-fumel.fr\/wp-content\/uploads\/2014\/06\/photo_057.jpg\"><img loading=\"lazy\" decoding=\"async\" class=\"aligncenter size-medium wp-image-79\" src=\"\/wp-content\/uploads\/2014\/06\/photo_057-300x225.jpg\" alt=\"photo_057\" width=\"300\" height=\"225\" srcset=\"https:\/\/www.brit-hotel-fumel.fr\/wp-content\/uploads\/2014\/06\/photo_057-300x225.jpg 300w, https:\/\/www.brit-hotel-fumel.fr\/wp-content\/uploads\/2014\/06\/photo_057-624x468.jpg 624w, https:\/\/www.brit-hotel-fumel.fr\/wp-content\/uploads\/2014\/06\/photo_057.jpg 648w\" sizes=\"auto, (max-width: 300px) 100vw, 300px\" \/><\/a><strong>Pour une r\u00e9union &#8230;<\/strong><\/td>\n<td style=\"text-align: center;\"><a href=\"http:\/\/brit-hotel-fumel.fr\/wp-content\/uploads\/2014\/06\/img_0323.jpg\"><img loading=\"lazy\" decoding=\"async\" class=\"aligncenter size-medium wp-image-78\" src=\"\/wp-content\/uploads\/2014\/06\/img_0323-300x225.jpg\" alt=\"img_0323\" width=\"300\" height=\"225\" srcset=\"https:\/\/www.brit-hotel-fumel.fr\/wp-content\/uploads\/2014\/06\/img_0323-300x225.jpg 300w, https:\/\/www.brit-hotel-fumel.fr\/wp-content\/uploads\/2014\/06\/img_0323-624x468.jpg 624w, https:\/\/www.brit-hotel-fumel.fr\/wp-content\/uploads\/2014\/06\/img_0323.jpg 648w\" sizes=\"auto, (max-width: 300px) 100vw, 300px\" \/><\/a><strong>Une d\u00e9coration soign\u00e9e &#8230;<\/strong><\/td>\n<td style=\"text-align: center;\"><a href=\"http:\/\/brit-hotel-fumel.fr\/wp-content\/uploads\/2014\/06\/canona700006.jpg\"><img loading=\"lazy\" decoding=\"async\" class=\"aligncenter size-medium wp-image-77\" src=\"\/wp-content\/uploads\/2014\/06\/canona700006-300x225.jpg\" alt=\"canona700006\" width=\"300\" height=\"225\" srcset=\"https:\/\/www.brit-hotel-fumel.fr\/wp-content\/uploads\/2014\/06\/canona700006-300x225.jpg 300w, https:\/\/www.brit-hotel-fumel.fr\/wp-content\/uploads\/2014\/06\/canona700006-624x468.jpg 624w, https:\/\/www.brit-hotel-fumel.fr\/wp-content\/uploads\/2014\/06\/canona700006.jpg 648w\" sizes=\"auto, (max-width: 300px) 100vw, 300px\" \/><\/a><strong>En configuration banquet &#8230;<\/strong><\/td>\n<\/tr>\n<\/tbody>\n<\/table>\n<p><strong>Nous Organisons:<\/strong><\/p>\n<ul>\n<li>Journ\u00e9e de travail,<\/li>\n<li>Conf\u00e9rence,<\/li>\n<li>Formation,<\/li>\n<li>Buffet,<\/li>\n<li>Cocktail,<\/li>\n<li>Journ\u00e9e d&rsquo;\u00e9tude : 30 \u20ac.<\/li>\n<li>S\u00e9minaire semi r\u00e9sidentiel : 71,50 \u20ac p\/p p\/j.<\/li>\n<li>S\u00e9minaire r\u00e9sidentiel : 85,50 \u20ac p\/p p\/j.<\/li>\n<li>&#8230;<\/li>\n<\/ul>\n<p>Disponible: Paper board, tableau blanc, projecteur (Benq W1070), air conditionn\u00e9 &#8211; RJ45 et connexion Internet Wifi, directe telefoonlijn.<\/p>\n<p>&nbsp;<\/p>\n","protected":false},"excerpt":{"rendered":"<p>Une salle pour toutes vos occasions. Depuis le briefing, \u00e0 la s\u00e9ance de travail d&rsquo;une journ\u00e9e, en passant par le s\u00e9minaire de plusieurs jours avec h\u00e9bergement dans l&rsquo;hotel, plusieurs solutions sont \u00e0 trouver avec Brit Hotel Fumel. Notre salle de r\u00e9union est de 30 m2 &#8211; 5 par 6 m\u00e8tres avec un acc\u00e8s direct depuis [&hellip;]<\/p>\n","protected":false},"author":1,"featured_media":0,"parent":0,"menu_order":0,"comment_status":"closed","ping_status":"closed","template":"","meta":{"footnotes":""},"class_list":["post-36","page","type-page","status-publish","hentry"],"_links":{"self":[{"href":"https:\/\/www.brit-hotel-fumel.fr\/index.php?rest_route=\/wp\/v2\/pages\/36","targetHints":{"allow":["GET"]}}],"collection":[{"href":"https:\/\/www.brit-hotel-fumel.fr\/index.php?rest_route=\/wp\/v2\/pages"}],"about":[{"href":"https:\/\/www.brit-hotel-fumel.fr\/index.php?rest_route=\/wp\/v2\/types\/page"}],"author":[{"embeddable":true,"href":"https:\/\/www.brit-hotel-fumel.fr\/index.php?rest_route=\/wp\/v2\/users\/1"}],"replies":[{"embeddable":true,"href":"https:\/\/www.brit-hotel-fumel.fr\/index.php?rest_route=%2Fwp%2Fv2%2Fcomments&post=36"}],"version-history":[{"count":9,"href":"https:\/\/www.brit-hotel-fumel.fr\/index.php?rest_route=\/wp\/v2\/pages\/36\/revisions"}],"predecessor-version":[{"id":522,"href":"https:\/\/www.brit-hotel-fumel.fr\/index.php?rest_route=\/wp\/v2\/pages\/36\/revisions\/522"}],"wp:attachment":[{"href":"https:\/\/www.brit-hotel-fumel.fr\/index.php?rest_route=%2Fwp%2Fv2%2Fmedia&parent=36"}],"curies":[{"name":"wp","href":"https:\/\/api.w.org\/{rel}","templated":true}]}}